


{"id":2668,"date":"2018-03-14T09:57:41","date_gmt":"2018-03-14T09:57:41","guid":{"rendered":"https:\/\/schuhmachern.ch\/home\/"},"modified":"2023-05-15T09:31:47","modified_gmt":"2023-05-15T09:31:47","slug":"home","status":"publish","type":"page","link":"https:\/\/schuhmachern.ch\/en\/","title":{"rendered":"Home"},"content":{"rendered":"<p>[vc_row heading_color=&#8221;light&#8221; section_type=&#8221;fullwidth&#8221; bg_type=&#8221;color&#8221; padding_top_multiplier=&#8221;&#8221; padding_bottom_multiplier=&#8221;&#8221; columns_gap=&#8221;none&#8221; font_color=&#8221;rgba(255,255,255,0.8)&#8221; bg_color=&#8221;#bdb4a2&#8243;][vc_column font_color=&#8221;#4a4d54&#8243;]<div class=\"grve-element grve-split-content grve-fullscreen-size grve-media-left\" style=\" min-height:500px\">  <div class=\"grve-split-wrapper grve-media-wrapper grve-headings-primary-5 grve-text-primary-5\">    <div class=\"grve-wrapper-inner\">      <h1 class=\"grve-title grve-align-center grve-heading-color grve-h1 grve-custom-font-2 grve-mobile-reset-increase-heading grve-increase-heading grve-heading-300 grve-split-title grve-split-size-large\"><span>SCHUHMACHERN<\/span><\/h1><div class=\"grve-content\">  <p class=\"grve-description grve-none\">Die Gesellschaft zu Schuhmachern ist eine der traditionellen dreizehn Gesellschaften und Z\u00fcnfte in Bern.<\/p><\/div>    <\/div><div class=\"grve-background-wrapper\">  <div class=\"grve-bg-image grve-bg-image-id-442 grve-bg-center-center\"   style=\"background-image: url(https:\/\/schuhmachern.ch\/wp-content\/uploads\/2022\/07\/IMG_4937_web-scaled.jpg);\"><\/div><\/div>  <\/div>  <div class=\"grve-split-wrapper grve-content-wrapper\">    <div class=\"grve-wrapper-inner\">      <div class=\"grve-title grve-align-center grve-heading-color grve-h1 grve-custom-font-2 grve-mobile-reset-increase-heading grve-increase-heading grve-heading-300 grve-split-title grve-split-size-large\"><span>SCHUHMACHERN<\/span><\/div><div class=\"grve-content\">  <p class=\"grve-description grve-none\">Die Gesellschaft zu Schuhmachern ist eine der traditionellen dreizehn Gesellschaften und Z\u00fcnfte in Bern.<\/p><\/div>    <\/div>  <\/div><\/div>[\/vc_column][\/vc_row][vc_row padding_top_multiplier=&#8221;6x&#8221; padding_bottom_multiplier=&#8221;6x&#8221; columns_gap=&#8221;none&#8221; section_id=&#8221;intro&#8221; font_color=&#8221;#4a4d54&#8243;][vc_column][vc_column_text]<\/p>\n<h1 style=\"text-align: center;\"><span style=\"color: #000000;\">Aktuelles<\/span><\/h1>\n<p>[\/vc_column_text][vc_row_inner el_class=&#8221;handle-blogs-with-js&#8221;][vc_column_inner width=&#8221;1\/2&#8243;]<div class=\"grve-empty-space grve-height-1x\" style=\"\"><\/div><div class=\"grve-element grve-single-icon grve-align-center grve-medium\" style=\"\">  <div class=\"grve-wrapper-icon grve-no-shape\" style=\" color: #4a4d54;\"><i class=\"fas fa-newspaper grve-text-custom\"><\/i><\/div><\/div><div class=\"grve-empty-space grve-height-1x\" style=\"\"><\/div>[vc_column_text]<\/p>\n<p style=\"text-align: center;\"><strong>Der neueste Zunftbrief ist da!<br \/>\n<\/strong>Lesen Sie ab sofort den Zunftbrief Herbst 2022.[\/vc_column_text][\/vc_column_inner][vc_column_inner width=&#8221;1\/2&#8243;]<div class=\"grve-empty-space grve-height-1x\" style=\"\"><\/div><div class=\"grve-element grve-single-icon grve-align-center grve-medium\" style=\"\">  <div class=\"grve-wrapper-icon grve-no-shape\" style=\" color: #4a4d54;\"><i class=\"fas fa-newspaper grve-text-custom\"><\/i><\/div><\/div><div class=\"grve-empty-space grve-height-1x\" style=\"\"><\/div>[vc_column_text]<\/p>\n<p style=\"text-align: center;\"><strong>Umfrage Umbau Zunfthaus<\/strong><br \/>\nNehmen Sie an der Umfrage zum Umbau des Zunfthauses teil.[\/vc_column_text][\/vc_column_inner][\/vc_row_inner][\/vc_column][\/vc_row][vc_row heading_color=&#8221;light&#8221; section_type=&#8221;fullwidth&#8221; bg_type=&#8221;color&#8221; padding_top_multiplier=&#8221;&#8221; padding_bottom_multiplier=&#8221;&#8221; columns_gap=&#8221;none&#8221; equal_column_height=&#8221;equal-column&#8221; font_color=&#8221;#ffffff&#8221;][vc_column animation_delay=&#8221;800&#8243; css=&#8221;.vc_custom_1665547042432{padding-right: 25% !important;padding-left: 25% !important;}&#8221;]<div class=\"grve-empty-space grve-height-1x\" style=\"\"><\/div>[vc_column_text]<\/p>\n<h1 style=\"text-align: center;\"><span style=\"color: #000000;\">Veranstaltungen<\/span><\/h1>\n<p>[\/vc_column_text]<div class=\"grve-empty-space grve-height-1x\" style=\"\"><\/div><div class=\"grve-empty-space grve-height-1x\" style=\"\"><\/div>[\/vc_column][\/vc_row][vc_row heading_color=&#8221;light&#8221; section_type=&#8221;fullwidth&#8221; padding_top_multiplier=&#8221;&#8221; padding_bottom_multiplier=&#8221;&#8221; columns_gap=&#8221;none&#8221; equal_column_height=&#8221;equal-column&#8221; font_color=&#8221;#ffffff&#8221; el_wrapper_class=&#8221;handle-events-with-js&#8221;][vc_column width=&#8221;1\/3&#8243; clipping_animation=&#8221;colored-clipping-up&#8221; clipping_animation_colors=&#8221;primary-2&#8243; animation_delay=&#8221;600&#8243; css=&#8221;.vc_custom_1665501534931{padding-right: 25% !important;padding-left: 25% !important;background-color: #ddb045 !important;}&#8221;]<div class=\"grve-empty-space grve-height-2x\" style=\"\"><\/div><div class=\"grve-element grve-single-icon grve-align-center grve-medium\" style=\"margin-bottom: 18px;\">  <div class=\"grve-wrapper-icon grve-no-shape\" style=\"\"><i class=\"smp-icon-calendar grve-text-white\"><\/i><\/div><\/div><h3 class=\"grve-element grve-title grve-align-center grve-h5\" style=\"\"><span><strong>02.12.2022 18:30 Uhr<\/strong><\/span><\/h3>[vc_column_text]<\/p>\n<p style=\"text-align: center;\"><strong>Grosses Bott<br \/>\n<\/strong>Zunftstube[\/vc_column_text]<div class=\"grve-empty-space grve-height-1x\" style=\"\"><\/div><div class=\"grve-element grve-align-center grve-fluid-button\"><a href=\"#\" class=\"grve-btn grve-btn-small grve-square grve-bg-white grve-bg-hover-white grve-btn-line\" style=\"max-width: 125px;\"><span>Mehr lesen<\/span><\/a><\/div><div class=\"grve-empty-space grve-height-2x\" style=\"\"><\/div>[\/vc_column][vc_column width=&#8221;1\/3&#8243; clipping_animation=&#8221;colored-clipping-down&#8221; clipping_animation_colors=&#8221;primary-3&#8243; animation_delay=&#8221;800&#8243; css=&#8221;.vc_custom_1667897396110{padding-right: 25% !important;padding-left: 25% !important;background-color: #8a0e22 !important;}&#8221;]<div class=\"grve-empty-space grve-height-2x\" style=\"\"><\/div><div class=\"grve-element grve-single-icon grve-align-center grve-medium\" style=\"margin-bottom: 18px;\">  <div class=\"grve-wrapper-icon grve-no-shape\" style=\"\"><i class=\"smp-icon-calendar grve-text-primary-5\"><\/i><\/div><\/div><h3 class=\"grve-element grve-title grve-align-center grve-h5\" style=\"\"><span><strong>03.02.2023 &#8211; 05.02.2022<\/strong><\/span><\/h3>[vc_column_text]<\/p>\n<p style=\"text-align: center;\"><strong>Ski-Weekend<br \/>\n<\/strong>Zermatt<strong><br \/>\n<\/strong>[\/vc_column_text]<div class=\"grve-empty-space grve-height-1x\" style=\"\"><\/div><div class=\"grve-element grve-align-center grve-fluid-button\"><a href=\"#\" class=\"grve-btn grve-btn-small grve-square grve-bg-white grve-bg-hover-white grve-btn-line\" style=\"max-width: 125px;\"><span>Mehr lesen<\/span><\/a><\/div><div class=\"grve-empty-space grve-height-2x\" style=\"\"><\/div>[\/vc_column][vc_column width=&#8221;1\/3&#8243; clipping_animation=&#8221;colored-clipping-up&#8221; clipping_animation_colors=&#8221;primary-4&#8243; animation_delay=&#8221;1000&#8243; css=&#8221;.vc_custom_1665547083270{padding-right: 25% !important;padding-left: 25% !important;background-color: #bf986b !important;}&#8221;]<div class=\"grve-empty-space grve-height-2x\" style=\"\"><\/div><div class=\"grve-element grve-single-icon grve-align-center grve-medium\" style=\"margin-bottom: 18px;\">  <div class=\"grve-wrapper-icon grve-no-shape\" style=\"\"><i class=\"smp-icon-calendar grve-text-primary-5\"><\/i><\/div><\/div><h3 class=\"grve-element grve-title grve-align-center grve-h5\" style=\"\"><span><strong>03.03.2023 19:00 Uhr<\/strong><\/span><\/h3>[vc_column_text]<\/p>\n<p style=\"text-align: center;\"><strong>Schuesole-\u00c4sse<\/strong><br \/>\nZunftstube[\/vc_column_text]<div class=\"grve-empty-space grve-height-1x\" style=\"\"><\/div><div class=\"grve-element grve-align-center grve-fluid-button\"><a href=\"#\" class=\"grve-btn grve-btn-small grve-square grve-bg-white grve-bg-hover-white grve-btn-line\" style=\"max-width: 125px;\"><span>Mehr lesen<\/span><\/a><\/div><div class=\"grve-empty-space grve-height-2x\" style=\"\"><\/div>[\/vc_column][\/vc_row][vc_row padding_top_multiplier=&#8221;6x&#8221; padding_bottom_multiplier=&#8221;6x&#8221;][vc_column width=&#8221;1\/6&#8243;][\/vc_column][vc_column width=&#8221;2\/3&#8243; text_align=&#8221;center&#8221;][vc_column_text text_style=&#8221;leader-text&#8221;]<\/p>\n<h2 style=\"text-align: center;\">Unsere Gesellschaft<\/h2>\n<p style=\"text-align: center;\">Die Gesellschaft zu Schuhmachern ist eine der traditionellen dreizehn Gesellschaften und Z\u00fcnfte in Bern. Sie ist eine \u00f6ffentlich-rechtliche Korporation gem\u00e4ss Gemeindegesetz. Als burgerliche Korporation ist die Gesellschaft der Burgergemeinde Bern juristisch gleichgestellt, allerdings ist das bernische Burgerrecht Voraussetzung f\u00fcr die Mitgliedschaft in einer der Gesellschaften und Z\u00fcnfte.<\/p>\n<p>[\/vc_column_text]<div class=\"grve-empty-space grve-height-1x\" style=\"\"><\/div><div class=\"grve-element grve-align-center grve-animated-item grve-fade-in grve-duration-normal\" data-delay=\"200\"><a href=\"https:\/\/schuhmachern.ch\/die-gesellschaft\/\" title=\"Die Gesellschaft\" class=\"grve-btn grve-btn-medium grve-square grve-bg-primary-1 grve-bg-hover-primary-3\"><span>Erfahren Sie mehr<\/span><\/a><\/div>[\/vc_column][vc_column width=&#8221;1\/6&#8243;][\/vc_column][\/vc_row]<\/p>\n","protected":false},"excerpt":{"rendered":"<p>[vc_row heading_color=&#8221;light&#8221; section_type=&#8221;fullwidth&#8221; bg_type=&#8221;color&#8221; padding_top_multiplier=&#8221;&#8221; padding_bottom_multiplier=&#8221;&#8221; columns_gap=&#8221;none&#8221; font_color=&#8221;rgba(255,255,255,0.8)&#8221; bg_color=&#8221;#bdb4a2&#8243;][vc_column font_color=&#8221;#4a4d54&#8243;][\/vc_column][\/vc_row][vc_row padding_top_multiplier=&#8221;6x&#8221; padding_bottom_multiplier=&#8221;6x&#8221; columns_gap=&#8221;none&#8221; section_id=&#8221;intro&#8221; font_color=&#8221;#4a4d54&#8243;][vc_column][vc_column_text] Aktuelles [\/vc_column_text][vc_row_inner el_class=&#8221;handle-blogs-with-js&#8221;][vc_column_inner width=&#8221;1\/2&#8243;][vc_column_text] Der neueste Zunftbrief ist da! Lesen Sie ab sofort den Zunftbrief Herbst 2022.[\/vc_column_text][\/vc_column_inner][vc_column_inner width=&#8221;1\/2&#8243;][vc_column_text] Umfrage Umbau Zunfthaus Nehmen Sie an der Umfrage zum Umbau des Zunfthauses teil.[\/vc_column_text][\/vc_column_inner][\/vc_row_inner][\/vc_column][\/vc_row][vc_row heading_color=&#8221;light&#8221; section_type=&#8221;fullwidth&#8221; bg_type=&#8221;color&#8221; padding_top_multiplier=&#8221;&#8221; padding_bottom_multiplier=&#8221;&#8221; columns_gap=&#8221;none&#8221; equal_column_height=&#8221;equal-column&#8221; font_color=&#8221;#ffffff&#8221;][vc_column animation_delay=&#8221;800&#8243; [&hellip;]<\/p>\n","protected":false},"author":1,"featured_media":0,"parent":0,"menu_order":0,"comment_status":"closed","ping_status":"closed","template":"","meta":{"footnotes":""},"class_list":["post-2668","page","type-page","status-publish","hentry"],"acf":[],"aioseo_notices":[],"_links":{"self":[{"href":"https:\/\/schuhmachern.ch\/en\/wp-json\/wp\/v2\/pages\/2668","targetHints":{"allow":["GET"]}}],"collection":[{"href":"https:\/\/schuhmachern.ch\/en\/wp-json\/wp\/v2\/pages"}],"about":[{"href":"https:\/\/schuhmachern.ch\/en\/wp-json\/wp\/v2\/types\/page"}],"author":[{"embeddable":true,"href":"https:\/\/schuhmachern.ch\/en\/wp-json\/wp\/v2\/users\/1"}],"replies":[{"embeddable":true,"href":"https:\/\/schuhmachern.ch\/en\/wp-json\/wp\/v2\/comments?post=2668"}],"version-history":[{"count":8,"href":"https:\/\/schuhmachern.ch\/en\/wp-json\/wp\/v2\/pages\/2668\/revisions"}],"predecessor-version":[{"id":2816,"href":"https:\/\/schuhmachern.ch\/en\/wp-json\/wp\/v2\/pages\/2668\/revisions\/2816"}],"wp:attachment":[{"href":"https:\/\/schuhmachern.ch\/en\/wp-json\/wp\/v2\/media?parent=2668"}],"curies":[{"name":"wp","href":"https:\/\/api.w.org\/{rel}","templated":true}]}}